{"id":1116,"date":"2023-06-18T18:57:17","date_gmt":"2023-06-18T18:57:17","guid":{"rendered":"https:\/\/goofy-roentgen.81-169-224-43.plesk.page\/?post_type=product&#038;p=1116"},"modified":"2023-06-22T19:23:52","modified_gmt":"2023-06-22T19:23:52","slug":"djellaba-a-broderie-doree","status":"publish","type":"product","link":"https:\/\/goofy-roentgen.81-169-224-43.plesk.page\/index.php\/fr\/product\/djellaba-a-broderie-doree\/","title":{"rendered":"Djellaba \u00e0 broderie dor\u00e9e"},"content":{"rendered":"<p>Djellaba avec broderie dor\u00e9e, confectionn\u00e9e dans un tissu l\u00e9ger et fluide. Elle est dot\u00e9e d&#8217;une coupe ample et longue qui la rend agr\u00e9able \u00e0 porter en toutes circonstances..<\/p>\n","protected":false},"excerpt":{"rendered":"<p>Djellaba avec broderie dor\u00e9e, confectionn\u00e9e dans un tissu l\u00e9ger et fluide. Elle est dot\u00e9e d&#8217;une coupe ample et longue qui la rend agr\u00e9able \u00e0 porter en toutes circonstances..<\/p>\n","protected":false},"featured_media":1109,"comment_status":"open","ping_status":"closed","template":"","meta":[],"product_brand":[],"product_cat":[103],"product_tag":[],"class_list":{"0":"post-1116","1":"product","2":"type-product","3":"status-publish","4":"has-post-thumbnail","6":"product_cat-djellaba-fr","7":"pa_taille-m-l","8":"pa_taille-xl-xxl","10":"first","11":"instock","12":"shipping-taxable","13":"purchasable","14":"product-type-simple"},"_links":{"self":[{"href":"https:\/\/goofy-roentgen.81-169-224-43.plesk.page\/index.php\/wp-json\/wp\/v2\/product\/1116","targetHints":{"allow":["GET"]}}],"collection":[{"href":"https:\/\/goofy-roentgen.81-169-224-43.plesk.page\/index.php\/wp-json\/wp\/v2\/product"}],"about":[{"href":"https:\/\/goofy-roentgen.81-169-224-43.plesk.page\/index.php\/wp-json\/wp\/v2\/types\/product"}],"replies":[{"embeddable":true,"href":"https:\/\/goofy-roentgen.81-169-224-43.plesk.page\/index.php\/wp-json\/wp\/v2\/comments?post=1116"}],"version-history":[{"count":1,"href":"https:\/\/goofy-roentgen.81-169-224-43.plesk.page\/index.php\/wp-json\/wp\/v2\/product\/1116\/revisions"}],"predecessor-version":[{"id":1117,"href":"https:\/\/goofy-roentgen.81-169-224-43.plesk.page\/index.php\/wp-json\/wp\/v2\/product\/1116\/revisions\/1117"}],"wp:featuredmedia":[{"embeddable":true,"href":"https:\/\/goofy-roentgen.81-169-224-43.plesk.page\/index.php\/wp-json\/wp\/v2\/media\/1109"}],"wp:attachment":[{"href":"https:\/\/goofy-roentgen.81-169-224-43.plesk.page\/index.php\/wp-json\/wp\/v2\/media?parent=1116"}],"wp:term":[{"taxonomy":"product_brand","embeddable":true,"href":"https:\/\/goofy-roentgen.81-169-224-43.plesk.page\/index.php\/wp-json\/wp\/v2\/product_brand?post=1116"},{"taxonomy":"product_cat","embeddable":true,"href":"https:\/\/goofy-roentgen.81-169-224-43.plesk.page\/index.php\/wp-json\/wp\/v2\/product_cat?post=1116"},{"taxonomy":"product_tag","embeddable":true,"href":"https:\/\/goofy-roentgen.81-169-224-43.plesk.page\/index.php\/wp-json\/wp\/v2\/product_tag?post=1116"}],"curies":[{"name":"wp","href":"https:\/\/api.w.org\/{rel}","templated":true}]}}