{"id":1306,"date":"2023-06-19T20:48:29","date_gmt":"2023-06-19T20:48:29","guid":{"rendered":"https:\/\/goofy-roentgen.81-169-224-43.plesk.page\/?post_type=product&#038;p=1306"},"modified":"2023-06-19T20:48:29","modified_gmt":"2023-06-19T20:48:29","slug":"djellaba-a-broderie-doree-4","status":"publish","type":"product","link":"https:\/\/goofy-roentgen.81-169-224-43.plesk.page\/index.php\/fr\/product\/djellaba-a-broderie-doree-4\/","title":{"rendered":"Djellaba \u00e0 broderie dor\u00e9e"},"content":{"rendered":"<p>Djellaba avec broderie dor\u00e9e, confectionn\u00e9e dans un tissu l\u00e9ger et fluide. Elle est dot\u00e9e d&#8217;une coupe ample et longue qui la rend agr\u00e9able \u00e0 porter en toutes circonstances..<\/p>\n","protected":false},"excerpt":{"rendered":"<p>Djellaba avec broderie dor\u00e9e, confectionn\u00e9e dans un tissu l\u00e9ger et fluide. Elle est dot\u00e9e d&#8217;une coupe ample et longue qui la rend agr\u00e9able \u00e0 porter en toutes circonstances..<\/p>\n","protected":false},"featured_media":1307,"comment_status":"open","ping_status":"closed","template":"","meta":[],"product_brand":[],"product_cat":[103],"product_tag":[],"class_list":{"0":"post-1306","1":"product","2":"type-product","3":"status-publish","4":"has-post-thumbnail","6":"product_cat-djellaba-fr","8":"first","9":"instock","10":"shipping-taxable","11":"purchasable","12":"product-type-simple"},"_links":{"self":[{"href":"https:\/\/goofy-roentgen.81-169-224-43.plesk.page\/index.php\/wp-json\/wp\/v2\/product\/1306","targetHints":{"allow":["GET"]}}],"collection":[{"href":"https:\/\/goofy-roentgen.81-169-224-43.plesk.page\/index.php\/wp-json\/wp\/v2\/product"}],"about":[{"href":"https:\/\/goofy-roentgen.81-169-224-43.plesk.page\/index.php\/wp-json\/wp\/v2\/types\/product"}],"replies":[{"embeddable":true,"href":"https:\/\/goofy-roentgen.81-169-224-43.plesk.page\/index.php\/wp-json\/wp\/v2\/comments?post=1306"}],"version-history":[{"count":1,"href":"https:\/\/goofy-roentgen.81-169-224-43.plesk.page\/index.php\/wp-json\/wp\/v2\/product\/1306\/revisions"}],"predecessor-version":[{"id":1309,"href":"https:\/\/goofy-roentgen.81-169-224-43.plesk.page\/index.php\/wp-json\/wp\/v2\/product\/1306\/revisions\/1309"}],"wp:featuredmedia":[{"embeddable":true,"href":"https:\/\/goofy-roentgen.81-169-224-43.plesk.page\/index.php\/wp-json\/wp\/v2\/media\/1307"}],"wp:attachment":[{"href":"https:\/\/goofy-roentgen.81-169-224-43.plesk.page\/index.php\/wp-json\/wp\/v2\/media?parent=1306"}],"wp:term":[{"taxonomy":"product_brand","embeddable":true,"href":"https:\/\/goofy-roentgen.81-169-224-43.plesk.page\/index.php\/wp-json\/wp\/v2\/product_brand?post=1306"},{"taxonomy":"product_cat","embeddable":true,"href":"https:\/\/goofy-roentgen.81-169-224-43.plesk.page\/index.php\/wp-json\/wp\/v2\/product_cat?post=1306"},{"taxonomy":"product_tag","embeddable":true,"href":"https:\/\/goofy-roentgen.81-169-224-43.plesk.page\/index.php\/wp-json\/wp\/v2\/product_tag?post=1306"}],"curies":[{"name":"wp","href":"https:\/\/api.w.org\/{rel}","templated":true}]}}