{"id":1324,"date":"2023-06-19T20:57:46","date_gmt":"2023-06-19T20:57:46","guid":{"rendered":"https:\/\/goofy-roentgen.81-169-224-43.plesk.page\/?post_type=product&#038;p=1324"},"modified":"2023-06-22T19:23:07","modified_gmt":"2023-06-22T19:23:07","slug":"djellaba-a-broderie-doree-8","status":"publish","type":"product","link":"https:\/\/goofy-roentgen.81-169-224-43.plesk.page\/index.php\/fr\/product\/djellaba-a-broderie-doree-8\/","title":{"rendered":"Djellaba \u00e0 broderie dor\u00e9e"},"content":{"rendered":"<p>Djellaba avec broderie dor\u00e9e, confectionn\u00e9e dans un tissu l\u00e9ger et fluide. Elle est dot\u00e9e d&#8217;une coupe ample et longue qui la rend agr\u00e9able \u00e0 porter en toutes circonstances..<\/p>\n","protected":false},"excerpt":{"rendered":"<p>Djellaba avec broderie dor\u00e9e, confectionn\u00e9e dans un tissu l\u00e9ger et fluide. Elle est dot\u00e9e d&#8217;une coupe ample et longue qui la rend agr\u00e9able \u00e0 porter en toutes circonstances..<\/p>\n","protected":false},"featured_media":1325,"comment_status":"open","ping_status":"closed","template":"","meta":[],"product_brand":[],"product_cat":[103],"product_tag":[],"class_list":{"0":"post-1324","1":"product","2":"type-product","3":"status-publish","4":"has-post-thumbnail","6":"product_cat-djellaba-fr","8":"first","9":"instock","10":"shipping-taxable","11":"purchasable","12":"product-type-simple"},"_links":{"self":[{"href":"https:\/\/goofy-roentgen.81-169-224-43.plesk.page\/index.php\/wp-json\/wp\/v2\/product\/1324","targetHints":{"allow":["GET"]}}],"collection":[{"href":"https:\/\/goofy-roentgen.81-169-224-43.plesk.page\/index.php\/wp-json\/wp\/v2\/product"}],"about":[{"href":"https:\/\/goofy-roentgen.81-169-224-43.plesk.page\/index.php\/wp-json\/wp\/v2\/types\/product"}],"replies":[{"embeddable":true,"href":"https:\/\/goofy-roentgen.81-169-224-43.plesk.page\/index.php\/wp-json\/wp\/v2\/comments?post=1324"}],"version-history":[{"count":1,"href":"https:\/\/goofy-roentgen.81-169-224-43.plesk.page\/index.php\/wp-json\/wp\/v2\/product\/1324\/revisions"}],"predecessor-version":[{"id":1327,"href":"https:\/\/goofy-roentgen.81-169-224-43.plesk.page\/index.php\/wp-json\/wp\/v2\/product\/1324\/revisions\/1327"}],"wp:featuredmedia":[{"embeddable":true,"href":"https:\/\/goofy-roentgen.81-169-224-43.plesk.page\/index.php\/wp-json\/wp\/v2\/media\/1325"}],"wp:attachment":[{"href":"https:\/\/goofy-roentgen.81-169-224-43.plesk.page\/index.php\/wp-json\/wp\/v2\/media?parent=1324"}],"wp:term":[{"taxonomy":"product_brand","embeddable":true,"href":"https:\/\/goofy-roentgen.81-169-224-43.plesk.page\/index.php\/wp-json\/wp\/v2\/product_brand?post=1324"},{"taxonomy":"product_cat","embeddable":true,"href":"https:\/\/goofy-roentgen.81-169-224-43.plesk.page\/index.php\/wp-json\/wp\/v2\/product_cat?post=1324"},{"taxonomy":"product_tag","embeddable":true,"href":"https:\/\/goofy-roentgen.81-169-224-43.plesk.page\/index.php\/wp-json\/wp\/v2\/product_tag?post=1324"}],"curies":[{"name":"wp","href":"https:\/\/api.w.org\/{rel}","templated":true}]}}